{"id":103,"date":"2024-08-22T22:51:31","date_gmt":"2024-08-23T01:51:31","guid":{"rendered":"https:\/\/tadu.com.br\/?page_id=103"},"modified":"2025-02-27T13:33:31","modified_gmt":"2025-02-27T16:33:31","slug":"operador-do-gas-de-defesa","status":"publish","type":"page","link":"https:\/\/tadu.com.br\/?page_id=103","title":{"rendered":"Operador do g\u00e1s de defesa"},"content":{"rendered":"\n<p>Era da tecnologia, onde a IA superou barreiras e seu tempo escasso muito trabalho e conquistas, j\u00e1 imaginou algu\u00e9m tomar, arrancar, roubar o que vc conquistou, ou pior ainda arrancar sua dignidade sua honra , sua moral. &nbsp;Bem-vindos ao curso online de G\u00e1s de Defesa, a sua primeira linha de defesa em situa\u00e7\u00f5es cr\u00edticas.<\/p>\n\n\n\n<div class=\"wp-block-media-text is-stacked-on-mobile\"><figure class=\"wp-block-media-text__media\"><img loading=\"lazy\" decoding=\"async\" width=\"483\" height=\"1024\" src=\"https:\/\/tadu.com.br\/wp-content\/uploads\/2024\/08\/image.png\" alt=\"\" class=\"wp-image-117 size-full\" srcset=\"https:\/\/tadu.com.br\/wp-content\/uploads\/2024\/08\/image.png 483w, https:\/\/tadu.com.br\/wp-content\/uploads\/2024\/08\/image-142x300.png 142w\" sizes=\"auto, (max-width: 483px) 100vw, 483px\" \/><\/figure><div class=\"wp-block-media-text__content\">\n<p><strong>Embasamento Legal:&nbsp;<\/strong>Nossos cursos t\u00eam base legal constitu\u00edda pela legisla\u00e7\u00e3o brasileira que embasa a Diretrizes e Bases da Educa\u00e7\u00e3o Nacional (LDB) e o Decreto 5.154. Nossos Certificados s\u00e3o registrado nas Organiza\u00e7\u00f5es TADU e com a qualidade do ensino Militar &amp; CIA<\/p>\n\n\n\n<p><strong>Pr\u00e9-requisitos:<\/strong>&nbsp;Ser Cidad\u00e3o que n\u00e3o possui antecedentes criminais (155, 157, 129, 121, 147) ou que coloque a vida, a integridade f\u00edsica ou o bem da pessoa em risco.<\/p>\n\n\n\n<p><strong>Carga Hor\u00e1ria do Certificado:<\/strong>&nbsp;8 horas<\/p>\n\n\n\n<p><strong>\u00c1rea:<\/strong>&nbsp;curso livre para Qualifica\u00e7\u00e3o Profissional.<\/p>\n\n\n\n<p><strong>Vantagens do Certificado:<\/strong>* Defesa pessoal que realmente funciona, para voc\u00ea e sua fam\u00edlia;<br>*Atualizar seu Curr\u00edculo, aumentando suas chances para conquistar um bom emprego;<br>* Aumentar suas chances de promo\u00e7\u00e3o no emprego (atual);<br>* Completar horas em atividades Extracurriculares (geralmente exigidas);<br>* Progress\u00e3o Funcional para Servidores P\u00fablicos;<br>* Pr\u00e9-Requisito para concursos e cursos.<\/p>\n<\/div><\/div>\n\n\n\n<div class=\"wp-block-group is-nowrap is-layout-flex wp-container-core-group-is-layout-6c531013 wp-block-group-is-layout-flex\">\n<div class=\"wp-block-columns is-layout-flex wp-container-core-columns-is-layout-28f84493 wp-block-columns-is-layout-flex\">\n<div class=\"wp-block-column is-layout-flow wp-block-column-is-layout-flow\" style=\"flex-basis:100%\">\n<div class=\"wp-block-group is-style-default has-global-padding is-layout-constrained wp-block-group-is-layout-constrained\"><\/div>\n<\/div>\n<\/div>\n<\/div>\n\n\n\n<p><strong>Objetivo:<\/strong>&nbsp;Equip\u00e1-lo com conhecimentos essenciais e habilidades pr\u00e1ticas para usar gases de defesa de forma segura e eficaz. Eu com propriedade profissional baseado em ocorr\u00eancias atendidas por mim, onde o artefato G\u00c1S foi usado erroneamente e quem levou a melhor foi o marginal.<\/p>\n\n\n\n<ul class=\"wp-block-list\">\n<li><strong>Conte\u00fado do Curso:<\/strong>\u2022<\/li>\n\n\n\n<li>Conhecendo os gases de auto defesa;<\/li>\n\n\n\n<li>\u2022 Causas do espargidor;<\/li>\n\n\n\n<li>\u2022 Aspectos legais;<\/li>\n\n\n\n<li>\u2022 Procedimentos de manuseio;<\/li>\n\n\n\n<li>\u2022 Primeiros socorros se atingido;<\/li>\n\n\n\n<li>\u2022 Saque velado com o spray em 3 segundos ;<\/li>\n\n\n\n<li>\u2022 Auto Avalia\u00e7\u00e3o;<\/li>\n<\/ul>\n\n\n\n<p><strong>N\u00e3o perca tempo.<\/strong><\/p>\n\n\n\n<p><a href=\"https:\/\/api.whatsapp.com\/send?phone=5514997266999&amp;text=Ola,%20Prof%20Julio%20quando%20estiver%20disponivel%20me%20retorne.\"><strong>*Clica aqui e solicite acesso direto com o Professor.*<\/strong><\/a><\/p>\n\n\n\n<p><strong><a href=\"https:\/\/chk.eduzz.com\/2381915\">*Clica aqui acesso atrav\u00e9s da EDUZZ.*<\/a><\/strong><\/p>\n\n\n\n<p><strong><a href=\"https:\/\/tadu.com.br\/\">Voltar<\/a><\/strong><\/p>\n\n\n\n<p><\/p>\n","protected":false},"excerpt":{"rendered":"<p>Era da tecnologia, onde a IA superou barreiras e seu tempo escasso muito trabalho e conquistas, j\u00e1 imaginou algu\u00e9m tomar, arrancar, roubar o que vc conquistou, ou pior ainda arrancar sua dignidade sua honra , sua moral. &nbsp;Bem-vindos ao curso online de G\u00e1s de Defesa, a sua primeira linha de defesa em situa\u00e7\u00f5es cr\u00edticas. Embasamento [&hellip;]<\/p>\n","protected":false},"author":1,"featured_media":0,"parent":0,"menu_order":0,"comment_status":"closed","ping_status":"closed","template":"","meta":{"footnotes":""},"class_list":["post-103","page","type-page","status-publish","hentry"],"_links":{"self":[{"href":"https:\/\/tadu.com.br\/index.php?rest_route=\/wp\/v2\/pages\/103","targetHints":{"allow":["GET"]}}],"collection":[{"href":"https:\/\/tadu.com.br\/index.php?rest_route=\/wp\/v2\/pages"}],"about":[{"href":"https:\/\/tadu.com.br\/index.php?rest_route=\/wp\/v2\/types\/page"}],"author":[{"embeddable":true,"href":"https:\/\/tadu.com.br\/index.php?rest_route=\/wp\/v2\/users\/1"}],"replies":[{"embeddable":true,"href":"https:\/\/tadu.com.br\/index.php?rest_route=%2Fwp%2Fv2%2Fcomments&post=103"}],"version-history":[{"count":8,"href":"https:\/\/tadu.com.br\/index.php?rest_route=\/wp\/v2\/pages\/103\/revisions"}],"predecessor-version":[{"id":147,"href":"https:\/\/tadu.com.br\/index.php?rest_route=\/wp\/v2\/pages\/103\/revisions\/147"}],"wp:attachment":[{"href":"https:\/\/tadu.com.br\/index.php?rest_route=%2Fwp%2Fv2%2Fmedia&parent=103"}],"curies":[{"name":"wp","href":"https:\/\/api.w.org\/{rel}","templated":true}]}}