{"id":120,"date":"2024-08-23T00:55:32","date_gmt":"2024-08-23T03:55:32","guid":{"rendered":"https:\/\/tadu.com.br\/?page_id=120"},"modified":"2024-08-23T00:55:32","modified_gmt":"2024-08-23T03:55:32","slug":"curso-de-tonfa-tatica","status":"publish","type":"page","link":"https:\/\/tadu.com.br\/?page_id=120","title":{"rendered":"CURSO DE TONFA T\u00c1TICA"},"content":{"rendered":"\n<p>Seja bem-vindo (a) ao curso de Tonfa T\u00e1tica com o Emprego de Arma de Fogo. Este curso transformar\u00e1 sua defesa pessoal e voc\u00ea vai adquirir t\u00e9cnicas que um ser humano comum n\u00e3o possui.<\/p>\n\n\n\n<figure class=\"wp-block-image size-full\"><img loading=\"lazy\" decoding=\"async\" width=\"716\" height=\"403\" src=\"https:\/\/tadu.com.br\/wp-content\/uploads\/2024\/08\/16807796_807490802736317_1422185695363613511_n.jpg\" alt=\"\" class=\"wp-image-121\" srcset=\"https:\/\/tadu.com.br\/wp-content\/uploads\/2024\/08\/16807796_807490802736317_1422185695363613511_n.jpg 716w, https:\/\/tadu.com.br\/wp-content\/uploads\/2024\/08\/16807796_807490802736317_1422185695363613511_n-300x169.jpg 300w\" sizes=\"auto, (max-width: 716px) 100vw, 716px\" \/><\/figure>\n\n\n\n<p><strong>Objetivos:<\/strong><\/p>\n\n\n\n<ul class=\"wp-block-list\">\n<li>Especializar os profissionais de seguran\u00e7a e pessoas que estejam dispostos a \u00a0adquirir t\u00e9cnicas de auto defesa ultilizando o bast\u00e3o TONFA. T\u00e9cnicas de defesa, ataque, condu\u00e7\u00e3o, imobiliza\u00e7\u00e3o e manuseio do bast\u00e3o em a arma de fogo.<\/li>\n\n\n\n<li>A aprendizagem te tornar\u00e1 um profissional mais qualificado \u00a0e sua auto defesa ser\u00e1 diferenciada sem exce\u00e7\u00e3o do g\u00eanero; \u00a0<\/li>\n\n\n\n<li>Adquira t\u00e9cnicas que um ser humano comum n\u00e3o possui.<\/li>\n\n\n\n<li>Conhe\u00e7a os asp\u00e9ctos legais e seja amparado pela lei.<\/li>\n<\/ul>\n\n\n\n<p><strong>Conte\u00fado Program\u00e1tico:<\/strong><\/p>\n\n\n\n<ul class=\"wp-block-list\">\n<li>No\u00e7\u00f5es do c\u00f3digo penal;<\/li>\n\n\n\n<li>T\u00e9cnicas de manuseio;<\/li>\n\n\n\n<li>T\u00e9cnicas de defesa e ataque;<\/li>\n\n\n\n<li>T\u00e9cnicas de imobiliza\u00e7\u00f5es;<\/li>\n\n\n\n<li>T\u00e9cnicas de condu\u00e7\u00e3o;<\/li>\n\n\n\n<li>T\u00e9cnicas trabalho em equipe;<\/li>\n\n\n\n<li>Simula\u00e7\u00f5es de fato reais.<\/li>\n<\/ul>\n\n\n\n<p><strong>Carga Hor\u00e1ria:<\/strong><\/p>\n\n\n\n<ul class=\"wp-block-list\">\n<li>10 horas (dura\u00e7\u00e3o de 1 dias)<\/li>\n<\/ul>\n\n\n\n<p><strong>Materiais Fornecidos:<\/strong><\/p>\n\n\n\n<ul class=\"wp-block-list\">\n<li>Local;<\/li>\n\n\n\n<li>Camiseta TADU;<\/li>\n\n\n\n<li>Caneta;<\/li>\n\n\n\n<li>Bloco de anota\u00e7\u00f5es;<\/li>\n\n\n\n<li>Certificado TADU.<\/li>\n<\/ul>\n\n\n\n<p><strong>Materiais Requeridos&nbsp;(responsabilidade do aluno):<\/strong><\/p>\n\n\n\n<ul class=\"wp-block-list\">\n<li>Tonfa \u00a0(obrigat\u00f3rio);<\/li>\n\n\n\n<li>Porta tonfa (obrigat\u00f3rio);<\/li>\n\n\n\n<li>Calsa preta (obrigat\u00f3rio);<\/li>\n\n\n\n<li>Farda t\u00e1tica com coturnos (opcional);<\/li>\n\n\n\n<li>Garrafa t\u00e9rmica com \u00e1gua ou camelback para a hidrata\u00e7\u00e3o (recomendado).<\/li>\n<\/ul>\n\n\n\n<p><strong>Pr\u00e9-requisitos:<\/strong><\/p>\n\n\n\n<ul class=\"wp-block-list\">\n<li>Ser maior de 16 anos;<\/li>\n\n\n\n<li>Estar sem antecedentes criminais.<\/li>\n<\/ul>\n\n\n\n<p><strong>Documentos necess\u00e1rios<\/strong><\/p>\n\n\n\n<ul class=\"wp-block-list\">\n<li>Atestado de Antecedentes Criminais ou documento comprobat\u00f3rio equivalente;<\/li>\n\n\n\n<li>Documento de identidade com foto<\/li>\n\n\n\n<li>Ficha de matricula preenchida.<\/li>\n<\/ul>\n\n\n\n<p><strong>Valor do Investimento:<\/strong><\/p>\n\n\n\n<ul class=\"wp-block-list\">\n<li>\u00c0 vista:\u00a0R$ 250,00 (duzentos e cinquenta reais), grupo min\u00edmo 10 pessoas;<\/li>\n\n\n\n<li>A prazo: at\u00e9 3x.<\/li>\n\n\n\n<li><strong>Transporte, Hospedagem e Alimenta\u00e7\u00e3o:<\/strong><\/li>\n\n\n\n<li>N\u00e3o est\u00e3o inclusos.<\/li>\n<\/ul>\n\n\n\n<p><\/p>\n\n\n\n<p><strong>O seu amanh\u00e3 pode depender de hoje.<\/strong><\/p>\n\n\n\n<ul class=\"wp-block-list\">\n<li><strong><a href=\"https:\/\/chk.eduzz.com\/797VQRN8WE\">*Monte sua turma e seja um parceiro.*<\/a><\/strong>\n<ul class=\"wp-block-list\">\n<li>                <strong><a href=\"https:\/\/tadu.com.br\/julio.html\">*CONTATO*<\/a><\/strong><\/li>\n<\/ul>\n<\/li>\n<\/ul>\n\n\n\n<p><strong><a href=\"https:\/\/tadu.com.br\/\">Voltar<\/a><\/strong><\/p>\n\n\n\n<p><\/p>\n","protected":false},"excerpt":{"rendered":"<p>Seja bem-vindo (a) ao curso de Tonfa T\u00e1tica com o Emprego de Arma de Fogo. Este curso transformar\u00e1 sua defesa pessoal e voc\u00ea vai adquirir t\u00e9cnicas que um ser humano comum n\u00e3o possui. Objetivos: Conte\u00fado Program\u00e1tico: Carga Hor\u00e1ria: Materiais Fornecidos: Materiais Requeridos&nbsp;(responsabilidade do aluno): Pr\u00e9-requisitos: Documentos necess\u00e1rios Valor do Investimento: O seu amanh\u00e3 pode depender [&hellip;]<\/p>\n","protected":false},"author":1,"featured_media":0,"parent":0,"menu_order":0,"comment_status":"closed","ping_status":"closed","template":"","meta":{"footnotes":""},"class_list":["post-120","page","type-page","status-publish","hentry"],"_links":{"self":[{"href":"https:\/\/tadu.com.br\/index.php?rest_route=\/wp\/v2\/pages\/120","targetHints":{"allow":["GET"]}}],"collection":[{"href":"https:\/\/tadu.com.br\/index.php?rest_route=\/wp\/v2\/pages"}],"about":[{"href":"https:\/\/tadu.com.br\/index.php?rest_route=\/wp\/v2\/types\/page"}],"author":[{"embeddable":true,"href":"https:\/\/tadu.com.br\/index.php?rest_route=\/wp\/v2\/users\/1"}],"replies":[{"embeddable":true,"href":"https:\/\/tadu.com.br\/index.php?rest_route=%2Fwp%2Fv2%2Fcomments&post=120"}],"version-history":[{"count":1,"href":"https:\/\/tadu.com.br\/index.php?rest_route=\/wp\/v2\/pages\/120\/revisions"}],"predecessor-version":[{"id":122,"href":"https:\/\/tadu.com.br\/index.php?rest_route=\/wp\/v2\/pages\/120\/revisions\/122"}],"wp:attachment":[{"href":"https:\/\/tadu.com.br\/index.php?rest_route=%2Fwp%2Fv2%2Fmedia&parent=120"}],"curies":[{"name":"wp","href":"https:\/\/api.w.org\/{rel}","templated":true}]}}