{"id":195,"date":"2025-09-08T14:53:57","date_gmt":"2025-09-08T17:53:57","guid":{"rendered":"https:\/\/tadu.com.br\/?page_id=195"},"modified":"2025-09-13T11:49:19","modified_gmt":"2025-09-13T14:49:19","slug":"atualizacao-de-carteirinha","status":"publish","type":"page","link":"https:\/\/tadu.com.br\/?page_id=195","title":{"rendered":"Atualiza\u00e7\u00e3o de Carteirinha"},"content":{"rendered":"\n<p>*ATEN\u00c7\u00c3O* <strong>N\u00e3o deixe sua atualiza\u00e7\u00e3o para ultima hora, ou seja<\/strong>:<\/p>\n\n\n\n<p>-Quanto solicitado em uma fiscaliza\u00e7\u00e3o policial;<\/p>\n\n\n\n<p>-Em uma solicita\u00e7\u00e3o da empresa empregadora;<\/p>\n\n\n\n<p>-Em uma entrega de carga extra curricular ou de est\u00e1gios.<\/p>\n\n\n\n<p>&#8220;\u00c9 necess\u00e1rio apresenta\u00e7\u00e3o da sua ultima carteirinha e o valor \u00e9 de R$10,00 por ano que n\u00e3o foi atualizado&#8221;. (Voc\u00ea recebe sua nova carteirinha on-line).<\/p>\n\n\n\n<p>Sua solicita\u00e7\u00e3o poder\u00e1 ser feita atrav\u00e9s do Whatzapp ou E-mail <\/p>\n\n\n\n<p>*Clique na op\u00e7\u00e3o e solicite*<\/p>\n\n\n\n<p><a href=\"https:\/\/tadu.com.br\/julio.html\">Atualiza\u00e7\u00e3o de carteirinha 2025.<\/a><\/p>\n\n\n\n<p><a href=\"https:\/\/tadu.com.br\/julio.html\">2\u00aa Via de certificado.<\/a><\/p>\n\n\n\n<p><a href=\"https:\/\/tadu.com.br\/julio.html\">Atestados.<\/a><\/p>\n\n\n\n<p><a href=\"https:\/\/tadu.com.br\/julio.html\">D\u00favidas<\/a><\/p>\n\n\n\n<p><\/p>\n\n\n\n<p>&#8220;A 2\u00aa via do seu certificado ser\u00e1 enviado On-line para impress\u00e3o ou arquivo pr\u00f3prio e o valor \u00e9 de R$20,00&#8221;.<\/p>\n\n\n\n<p><a href=\"https:\/\/tadu.com.br\/\">*Voltar a p\u00e1gina inicial*<\/a><\/p>\n\n\n\n<p><\/p>\n","protected":false},"excerpt":{"rendered":"<p>*ATEN\u00c7\u00c3O* N\u00e3o deixe sua atualiza\u00e7\u00e3o para ultima hora, ou seja: -Quanto solicitado em uma fiscaliza\u00e7\u00e3o policial; -Em uma solicita\u00e7\u00e3o da empresa empregadora; -Em uma entrega de carga extra curricular ou de est\u00e1gios. &#8220;\u00c9 necess\u00e1rio apresenta\u00e7\u00e3o da sua ultima carteirinha e o valor \u00e9 de R$10,00 por ano que n\u00e3o foi atualizado&#8221;. (Voc\u00ea recebe sua nova [&hellip;]<\/p>\n","protected":false},"author":1,"featured_media":0,"parent":0,"menu_order":0,"comment_status":"closed","ping_status":"closed","template":"","meta":{"footnotes":""},"class_list":["post-195","page","type-page","status-publish","hentry"],"_links":{"self":[{"href":"https:\/\/tadu.com.br\/index.php?rest_route=\/wp\/v2\/pages\/195","targetHints":{"allow":["GET"]}}],"collection":[{"href":"https:\/\/tadu.com.br\/index.php?rest_route=\/wp\/v2\/pages"}],"about":[{"href":"https:\/\/tadu.com.br\/index.php?rest_route=\/wp\/v2\/types\/page"}],"author":[{"embeddable":true,"href":"https:\/\/tadu.com.br\/index.php?rest_route=\/wp\/v2\/users\/1"}],"replies":[{"embeddable":true,"href":"https:\/\/tadu.com.br\/index.php?rest_route=%2Fwp%2Fv2%2Fcomments&post=195"}],"version-history":[{"count":5,"href":"https:\/\/tadu.com.br\/index.php?rest_route=\/wp\/v2\/pages\/195\/revisions"}],"predecessor-version":[{"id":230,"href":"https:\/\/tadu.com.br\/index.php?rest_route=\/wp\/v2\/pages\/195\/revisions\/230"}],"wp:attachment":[{"href":"https:\/\/tadu.com.br\/index.php?rest_route=%2Fwp%2Fv2%2Fmedia&parent=195"}],"curies":[{"name":"wp","href":"https:\/\/api.w.org\/{rel}","templated":true}]}}