{"id":216,"date":"2025-09-12T10:51:22","date_gmt":"2025-09-12T13:51:22","guid":{"rendered":"https:\/\/tadu.com.br\/?page_id=216"},"modified":"2025-11-05T12:09:11","modified_gmt":"2025-11-05T15:09:11","slug":"cartao-de-elite","status":"publish","type":"page","link":"https:\/\/tadu.com.br\/?page_id=216","title":{"rendered":"Cart\u00e3o de Elite"},"content":{"rendered":"\n<p><strong>Este cart\u00e3o dar\u00e1 direito a:<\/strong><\/p>\n\n\n\n<p>1-Todos os cursos On-line Gratuitos;<\/p>\n\n\n\n<p>2-Todos os cursos presenciais com 50% de desconto;<\/p>\n\n\n\n<p>3-Atualiza\u00e7\u00e3o anual das carteirinhas, isento de taxas;<\/p>\n\n\n\n<p>4-Planilha de controle finaceiro gratuito;<\/p>\n\n\n\n<p>5-Se tornar um afiliado em vendas;<\/p>\n\n\n\n<p>6-Orienta\u00e7\u00e3o de treinamento f\u00edsico gratuiro e treinos para qualquer objetivo com 50% OFF;<\/p>\n\n\n\n<p>7-Orienta\u00e7\u00e3o suplementar;<\/p>\n\n\n\n<p>8-Orienta\u00e7\u00e3o jur\u00eddica, advogado com 50% de desconto;<\/p>\n\n\n\n<p>9-Auxilio emergencial, estipulado pela diretoria;<\/p>\n\n\n\n<p>10-Convenio com empresas de alto n\u00edvel de confiabilidade; (M\u00e9dica, Odontol\u00f3ca, Lava jato, Oficina, Farmacias,&#8230;) <\/p>\n\n\n\n<p>11-Cart\u00e3o ELITE, com Link pessoal contendo carteira de documentos.<\/p>\n\n\n\n<p class=\"has-text-align-center\"><strong>*Fa\u00e7a parte deste seleto grupo*<\/strong><\/p>\n\n\n\n<figure class=\"wp-block-gallery aligncenter has-nested-images columns-default is-cropped wp-block-gallery-1 is-layout-flex wp-block-gallery-is-layout-flex\">\n<figure class=\"wp-block-image size-large\"><img loading=\"lazy\" decoding=\"async\" width=\"607\" height=\"1024\" data-id=\"285\" src=\"https:\/\/tadu.com.br\/wp-content\/uploads\/2025\/11\/cartao-5-1-607x1024.png\" alt=\"\" class=\"wp-image-285\" srcset=\"https:\/\/tadu.com.br\/wp-content\/uploads\/2025\/11\/cartao-5-1-607x1024.png 607w, https:\/\/tadu.com.br\/wp-content\/uploads\/2025\/11\/cartao-5-1-178x300.png 178w, https:\/\/tadu.com.br\/wp-content\/uploads\/2025\/11\/cartao-5-1-768x1296.png 768w, https:\/\/tadu.com.br\/wp-content\/uploads\/2025\/11\/cartao-5-1.png 775w\" sizes=\"auto, (max-width: 607px) 100vw, 607px\" \/><\/figure>\n<\/figure>\n\n\n\n<p class=\"has-text-align-center\">Inscri\u00e7\u00e3o = Isento.<\/p>\n\n\n\n<p class=\"has-text-align-center\">Mensalidade = Anuidade = R$200,00 (Valor sujeito a altera\u00e7\u00e3o) Mensal R$20,00<\/p>\n\n\n\n<p class=\"has-text-align-center\"><a href=\"http:\/\/www.tadu.com.br\/julio.html\">*CLIQUE AQUI E SOLICITE J\u00c1*<\/a><\/p>\n\n\n\n<p><\/p>\n","protected":false},"excerpt":{"rendered":"<p>Este cart\u00e3o dar\u00e1 direito a: 1-Todos os cursos On-line Gratuitos; 2-Todos os cursos presenciais com 50% de desconto; 3-Atualiza\u00e7\u00e3o anual das carteirinhas, isento de taxas; 4-Planilha de controle finaceiro gratuito; 5-Se tornar um afiliado em vendas; 6-Orienta\u00e7\u00e3o de treinamento f\u00edsico gratuiro e treinos para qualquer objetivo com 50% OFF; 7-Orienta\u00e7\u00e3o suplementar; 8-Orienta\u00e7\u00e3o jur\u00eddica, advogado com [&hellip;]<\/p>\n","protected":false},"author":1,"featured_media":0,"parent":0,"menu_order":0,"comment_status":"closed","ping_status":"closed","template":"","meta":{"footnotes":""},"class_list":["post-216","page","type-page","status-publish","hentry"],"_links":{"self":[{"href":"https:\/\/tadu.com.br\/index.php?rest_route=\/wp\/v2\/pages\/216","targetHints":{"allow":["GET"]}}],"collection":[{"href":"https:\/\/tadu.com.br\/index.php?rest_route=\/wp\/v2\/pages"}],"about":[{"href":"https:\/\/tadu.com.br\/index.php?rest_route=\/wp\/v2\/types\/page"}],"author":[{"embeddable":true,"href":"https:\/\/tadu.com.br\/index.php?rest_route=\/wp\/v2\/users\/1"}],"replies":[{"embeddable":true,"href":"https:\/\/tadu.com.br\/index.php?rest_route=%2Fwp%2Fv2%2Fcomments&post=216"}],"version-history":[{"count":8,"href":"https:\/\/tadu.com.br\/index.php?rest_route=\/wp\/v2\/pages\/216\/revisions"}],"predecessor-version":[{"id":288,"href":"https:\/\/tadu.com.br\/index.php?rest_route=\/wp\/v2\/pages\/216\/revisions\/288"}],"wp:attachment":[{"href":"https:\/\/tadu.com.br\/index.php?rest_route=%2Fwp%2Fv2%2Fmedia&parent=216"}],"curies":[{"name":"wp","href":"https:\/\/api.w.org\/{rel}","templated":true}]}}