{"id":220,"date":"2025-09-12T11:06:54","date_gmt":"2025-09-12T14:06:54","guid":{"rendered":"https:\/\/tadu.com.br\/?page_id=220"},"modified":"2025-09-12T11:06:54","modified_gmt":"2025-09-12T14:06:54","slug":"equipe-de-elite","status":"publish","type":"page","link":"https:\/\/tadu.com.br\/?page_id=220","title":{"rendered":"Equipe de Elite"},"content":{"rendered":"\n<p><strong>Quero contratar<\/strong><\/p>\n\n\n\n<p>A Equipe de Elite \u00e9 um grupo seleto da nossa organiza\u00e7\u00e3o, todos passaram por um rigoroso teste de idoneidade, os antecedentes criminais s\u00e3o analisados minunciosamente, al\u00e9m de serem aprovados no *Curso Escolta de Elite*.<\/p>\n\n\n\n<p><strong>A\u00e7\u00f5es:<\/strong><\/p>\n\n\n\n<p>-Escolta de celebridades ou autoridades do aeroporto para o hotel ou local desejado;<\/p>\n\n\n\n<p>-Escolta da empresa para o banco ou vice versa;<\/p>\n\n\n\n<p>-Encerramento de expedientes de lojas e empresas;<\/p>\n\n\n\n<p>-Escolta para f\u00f3rum, comarca ou similares.<\/p>\n\n\n\n<p>Lembre, esta equipe s\u00f3 poder\u00e1 ser acionada atrav\u00e9s da diretoria credenciada e autorizada. <\/p>\n\n\n\n<p>Registro e patente n\u00ba:<\/p>\n\n\n\n<p>CNPJ:<\/p>\n\n\n\n<p><strong>Contato imediato <\/strong><\/p>\n\n\n\n<p>Telefone:<\/p>\n\n\n\n<p>E-mail:<\/p>\n\n\n\n<p>Site:<\/p>\n\n\n\n<p><\/p>\n\n\n\n<p><\/p>\n","protected":false},"excerpt":{"rendered":"<p>Quero contratar A Equipe de Elite \u00e9 um grupo seleto da nossa organiza\u00e7\u00e3o, todos passaram por um rigoroso teste de idoneidade, os antecedentes criminais s\u00e3o analisados minunciosamente, al\u00e9m de serem aprovados no *Curso Escolta de Elite*. A\u00e7\u00f5es: -Escolta de celebridades ou autoridades do aeroporto para o hotel ou local desejado; -Escolta da empresa para o [&hellip;]<\/p>\n","protected":false},"author":1,"featured_media":0,"parent":0,"menu_order":0,"comment_status":"closed","ping_status":"closed","template":"","meta":{"footnotes":""},"class_list":["post-220","page","type-page","status-publish","hentry"],"_links":{"self":[{"href":"https:\/\/tadu.com.br\/index.php?rest_route=\/wp\/v2\/pages\/220","targetHints":{"allow":["GET"]}}],"collection":[{"href":"https:\/\/tadu.com.br\/index.php?rest_route=\/wp\/v2\/pages"}],"about":[{"href":"https:\/\/tadu.com.br\/index.php?rest_route=\/wp\/v2\/types\/page"}],"author":[{"embeddable":true,"href":"https:\/\/tadu.com.br\/index.php?rest_route=\/wp\/v2\/users\/1"}],"replies":[{"embeddable":true,"href":"https:\/\/tadu.com.br\/index.php?rest_route=%2Fwp%2Fv2%2Fcomments&post=220"}],"version-history":[{"count":1,"href":"https:\/\/tadu.com.br\/index.php?rest_route=\/wp\/v2\/pages\/220\/revisions"}],"predecessor-version":[{"id":221,"href":"https:\/\/tadu.com.br\/index.php?rest_route=\/wp\/v2\/pages\/220\/revisions\/221"}],"wp:attachment":[{"href":"https:\/\/tadu.com.br\/index.php?rest_route=%2Fwp%2Fv2%2Fmedia&parent=220"}],"curies":[{"name":"wp","href":"https:\/\/api.w.org\/{rel}","templated":true}]}}