{"id":234,"date":"2025-09-15T14:47:46","date_gmt":"2025-09-15T17:47:46","guid":{"rendered":"https:\/\/tadu.com.br\/?page_id=234"},"modified":"2025-10-13T11:18:09","modified_gmt":"2025-10-13T14:18:09","slug":"e-book-militar-de-elite-saiba-mais","status":"publish","type":"page","link":"https:\/\/tadu.com.br\/?page_id=234","title":{"rendered":"E-Book Militar de Elite *Saiba mais*"},"content":{"rendered":"\n<p>Existem hist\u00f3rias que permanecem ocultas nas sombras, longe dos olhares do p\u00fablico. Estas s\u00e3o as narrativas dos her\u00f3is desconhecidos, dos estrategistas silenciosos e dos guerreiros da noite &#8211; a elite militar cujas fa\u00e7anhas raramente s\u00e3o contadas. <\/p>\n\n\n\n<figure class=\"wp-block-image size-full is-resized\"><img loading=\"lazy\" decoding=\"async\" width=\"500\" height=\"605\" src=\"https:\/\/tadu.com.br\/wp-content\/uploads\/2025\/09\/b55c22e78574cec4a17ac869e99429f0.jpg\" alt=\"\" class=\"wp-image-235\" style=\"width:250px;height:auto\" srcset=\"https:\/\/tadu.com.br\/wp-content\/uploads\/2025\/09\/b55c22e78574cec4a17ac869e99429f0.jpg 500w, https:\/\/tadu.com.br\/wp-content\/uploads\/2025\/09\/b55c22e78574cec4a17ac869e99429f0-248x300.jpg 248w\" sizes=\"auto, (max-width: 500px) 100vw, 500px\" \/><\/figure>\n\n\n\n<p>Conte\u00fado: Aqui voc\u00ea vai conhecer algumas <strong>opera\u00e7\u00f5es em sen\u00e1rios hostis<\/strong> e o <strong>verdadeiro treinamento<\/strong> que tornam os &#8220;Militares de Elite&#8221; verdadeiras maquina de fazer cumprir a lei a qualquer custo e de b\u00f4nus ira saber o verdadeiro <strong>transtornos psicol\u00f3gicos<\/strong> que isto pode causar e impactar diretamente no ambiente familiar. <\/p>\n\n\n\n<p>Desenvolvido para voc\u00ea que: <\/p>\n\n\n\n<p>\u00c9 policial;<\/p>\n\n\n\n<p>Trabalha na area;<\/p>\n\n\n\n<p>Tem familiar Policial;<\/p>\n\n\n\n<p>Deseja ingressar na carreira policial;<\/p>\n\n\n\n<p>Quer entender mais sobre este tipo de a\u00e7\u00e3o;<\/p>\n\n\n\n<p>Quer se aventurar em uma leitura de a\u00e7\u00e3o e surpresas;<\/p>\n\n\n\n<p>SEJA BEM VINDO AO 1\u00ba E-BOOK &#8220;MILITAR DE ELITE&#8221; A HIST\u00d3RIA N\u00c3O CONTADA.<\/p>\n\n\n\n<p>Voc\u00ea receber\u00e1 na forma DIGITAL e em PDF<\/p>\n\n\n\n<figure class=\"wp-block-image size-large is-resized\"><img loading=\"lazy\" decoding=\"async\" width=\"688\" height=\"1024\" src=\"https:\/\/tadu.com.br\/wp-content\/uploads\/2025\/09\/Screenshot_20240614_131235_Gallery-688x1024.jpg\" alt=\"\" class=\"wp-image-240\" style=\"width:514px;height:auto\" srcset=\"https:\/\/tadu.com.br\/wp-content\/uploads\/2025\/09\/Screenshot_20240614_131235_Gallery-688x1024.jpg 688w, https:\/\/tadu.com.br\/wp-content\/uploads\/2025\/09\/Screenshot_20240614_131235_Gallery-201x300.jpg 201w, https:\/\/tadu.com.br\/wp-content\/uploads\/2025\/09\/Screenshot_20240614_131235_Gallery-768x1143.jpg 768w, https:\/\/tadu.com.br\/wp-content\/uploads\/2025\/09\/Screenshot_20240614_131235_Gallery-1032x1536.jpg 1032w, https:\/\/tadu.com.br\/wp-content\/uploads\/2025\/09\/Screenshot_20240614_131235_Gallery.jpg 1078w\" sizes=\"auto, (max-width: 688px) 100vw, 688px\" \/><\/figure>\n\n\n\n<p><a href=\"https:\/\/a.co\/d\/9E4dXbB\">*COMPRAR E-BOOK*<\/a><\/p>\n\n\n\n<p><\/p>\n","protected":false},"excerpt":{"rendered":"<p>Existem hist\u00f3rias que permanecem ocultas nas sombras, longe dos olhares do p\u00fablico. Estas s\u00e3o as narrativas dos her\u00f3is desconhecidos, dos estrategistas silenciosos e dos guerreiros da noite &#8211; a elite militar cujas fa\u00e7anhas raramente s\u00e3o contadas. Conte\u00fado: Aqui voc\u00ea vai conhecer algumas opera\u00e7\u00f5es em sen\u00e1rios hostis e o verdadeiro treinamento que tornam os &#8220;Militares de [&hellip;]<\/p>\n","protected":false},"author":1,"featured_media":0,"parent":0,"menu_order":0,"comment_status":"closed","ping_status":"closed","template":"","meta":{"footnotes":""},"class_list":["post-234","page","type-page","status-publish","hentry"],"_links":{"self":[{"href":"https:\/\/tadu.com.br\/index.php?rest_route=\/wp\/v2\/pages\/234","targetHints":{"allow":["GET"]}}],"collection":[{"href":"https:\/\/tadu.com.br\/index.php?rest_route=\/wp\/v2\/pages"}],"about":[{"href":"https:\/\/tadu.com.br\/index.php?rest_route=\/wp\/v2\/types\/page"}],"author":[{"embeddable":true,"href":"https:\/\/tadu.com.br\/index.php?rest_route=\/wp\/v2\/users\/1"}],"replies":[{"embeddable":true,"href":"https:\/\/tadu.com.br\/index.php?rest_route=%2Fwp%2Fv2%2Fcomments&post=234"}],"version-history":[{"count":4,"href":"https:\/\/tadu.com.br\/index.php?rest_route=\/wp\/v2\/pages\/234\/revisions"}],"predecessor-version":[{"id":272,"href":"https:\/\/tadu.com.br\/index.php?rest_route=\/wp\/v2\/pages\/234\/revisions\/272"}],"wp:attachment":[{"href":"https:\/\/tadu.com.br\/index.php?rest_route=%2Fwp%2Fv2%2Fmedia&parent=234"}],"curies":[{"name":"wp","href":"https:\/\/api.w.org\/{rel}","templated":true}]}}