{"id":39,"date":"2024-08-18T18:46:52","date_gmt":"2024-08-18T21:46:52","guid":{"rendered":"https:\/\/tadu.com.br\/?page_id=39"},"modified":"2025-10-30T14:23:10","modified_gmt":"2025-10-30T17:23:10","slug":"quem-somos","status":"publish","type":"page","link":"https:\/\/tadu.com.br\/?page_id=39","title":{"rendered":"Quem somos"},"content":{"rendered":"\n<p><em style=\"box-sizing: border-box; color: rgb(18, 20, 22); font-family: -apple-system, BlinkMacSystemFont, &quot;Segoe UI&quot;, Roboto, Oxygen-Sans, Ubuntu, Cantarell, &quot;Helvetica Neue&quot;, sans-serif; font-size: 16px; white-space-collapse: collapse;\">\u201cNossa equipe \u00e9 composta por profissionais altamente qualificados nas \u00e1reas de Seguran\u00e7a, Auto defesa, Condicionamento F\u00edsico, Recursos Humanos, Direito, e espacializa\u00e7\u00f5es com cursos que vai valer a pena. Sua auto estima nunca mais ser\u00e1 a mesma, seu curr\u00edculo vai te impulsionar. Cada membro tem uma ampla experi\u00eancia em seu campo e estamos sempre nos atualizando para acompanhar as \u00faltimas tend\u00eancias e tecnologias. Trabalhamos em conjunto, compartilhando ideias e conhecimentos, para fornecer solu\u00e7\u00f5es excepcionais aos nossos clientes.\u201d<\/em><\/p>\n\n\n\n<p><strong>Palavra do Diretor.<\/strong><\/p>\n\n\n\n<p>Sou o Sgt J\u00falio Mesquita, Shihan desta organiza\u00e7\u00e3o, esta ideia nasceu j\u00e1 a 25 anos e a cada dia vem se aperfei\u00e7oando e aumentando nossa fam\u00edlia. Voc\u00ea policial, seguran\u00e7a, e todo cidad\u00e3o de bem, pode juntar-se a n\u00f3s e ser\u00e1 muito bem vindo. Em um mundo competitivo e problem\u00e1tico \u00e9 necess\u00e1rio adquirir conhecimento, poderes, estrat\u00e9gias para defender o seu patrim\u00f4nio e sua fam\u00edlia. Esperar pelo  poder p\u00fablico infelizmente poder\u00e1 ser tarde, n\u00e3o existe outra sa\u00edda, junte-se a n\u00f3s e vamos construir um linha de defesa que sem d\u00favida o marginal vai levar a pior<\/p>\n\n\n\n<p><strong>Att. Julio Mesquita<\/strong><\/p>\n\n\n\n<p>1\u00ba Sargento da Policia M\u00edlitar;<\/p>\n\n\n\n<p>1\u00ba Curso de A\u00e7\u00f5es Especiais de Policia;<\/p>\n\n\n\n<p>Faixa Preta de karat\u00ea &#8211; Shorin Ryu e Kiokushin;<\/p>\n\n\n\n<p>P\u00f3s Graduado e Mestrando em Educa\u00e7\u00e3o F\u00edsica \/ Ciencias da Sa\u00fade;<\/p>\n\n\n\n<p>Intrutor da PMESP desde 1995;<\/p>\n\n\n\n<p>Cursos e treianmentos com varias unidade :<\/p>\n\n\n\n<p>&#8220;BOPE RJ, CAT\/SWAT, <\/p>\n\n\n\n<p>ROTA, CONDOR, GATE, <\/p>\n\n\n\n<p>2\u00ba BAEP, GRPAE, TOR,&#8230;<\/p>\n\n\n\n<p><\/p>\n\n\n\n<p><\/p>\n\n\n\n<p class=\"has-text-align-center\"><strong><a href=\"https:\/\/tadu.com.br\/\">&#8220;Voltar ao site&#8221;<\/a><\/strong><\/p>\n\n\n\n<p><\/p>\n","protected":false},"excerpt":{"rendered":"<p>\u201cNossa equipe \u00e9 composta por profissionais altamente qualificados nas \u00e1reas de Seguran\u00e7a, Auto defesa, Condicionamento F\u00edsico, Recursos Humanos, Direito, e espacializa\u00e7\u00f5es com cursos que vai valer a pena. Sua auto estima nunca mais ser\u00e1 a mesma, seu curr\u00edculo vai te impulsionar. Cada membro tem uma ampla experi\u00eancia em seu campo e estamos sempre nos atualizando [&hellip;]<\/p>\n","protected":false},"author":1,"featured_media":0,"parent":0,"menu_order":0,"comment_status":"closed","ping_status":"closed","template":"","meta":{"footnotes":""},"class_list":["post-39","page","type-page","status-publish","hentry"],"_links":{"self":[{"href":"https:\/\/tadu.com.br\/index.php?rest_route=\/wp\/v2\/pages\/39","targetHints":{"allow":["GET"]}}],"collection":[{"href":"https:\/\/tadu.com.br\/index.php?rest_route=\/wp\/v2\/pages"}],"about":[{"href":"https:\/\/tadu.com.br\/index.php?rest_route=\/wp\/v2\/types\/page"}],"author":[{"embeddable":true,"href":"https:\/\/tadu.com.br\/index.php?rest_route=\/wp\/v2\/users\/1"}],"replies":[{"embeddable":true,"href":"https:\/\/tadu.com.br\/index.php?rest_route=%2Fwp%2Fv2%2Fcomments&post=39"}],"version-history":[{"count":12,"href":"https:\/\/tadu.com.br\/index.php?rest_route=\/wp\/v2\/pages\/39\/revisions"}],"predecessor-version":[{"id":276,"href":"https:\/\/tadu.com.br\/index.php?rest_route=\/wp\/v2\/pages\/39\/revisions\/276"}],"wp:attachment":[{"href":"https:\/\/tadu.com.br\/index.php?rest_route=%2Fwp%2Fv2%2Fmedia&parent=39"}],"curies":[{"name":"wp","href":"https:\/\/api.w.org\/{rel}","templated":true}]}}