{"id":94,"date":"2024-08-22T22:11:57","date_gmt":"2024-08-23T01:11:57","guid":{"rendered":"https:\/\/tadu.com.br\/?page_id=94"},"modified":"2025-03-05T14:27:48","modified_gmt":"2025-03-05T17:27:48","slug":"operador-de-radio","status":"publish","type":"page","link":"https:\/\/tadu.com.br\/?page_id=94","title":{"rendered":"Operador de r\u00e1dio"},"content":{"rendered":"\n<p>Seja bem-vindo (a) ao curso de operador de R\u00e1dio e inova\u00e7\u00f5es. O curso \u00e9 dividido por aulas e no final voc\u00ea ter\u00e1 uma auto avalia\u00e7\u00e3o e receber\u00e1 o certificado.<\/p>\n\n\n\n<figure class=\"wp-block-image alignright size-full is-resized\"><img loading=\"lazy\" decoding=\"async\" width=\"1024\" height=\"1024\" src=\"https:\/\/tadu.com.br\/wp-content\/uploads\/2024\/08\/WhatsApp-Image-2024-08-13-at-22.03.28-1.jpeg\" alt=\"\" class=\"wp-image-95\" style=\"width:526px;height:auto\" srcset=\"https:\/\/tadu.com.br\/wp-content\/uploads\/2024\/08\/WhatsApp-Image-2024-08-13-at-22.03.28-1.jpeg 1024w, https:\/\/tadu.com.br\/wp-content\/uploads\/2024\/08\/WhatsApp-Image-2024-08-13-at-22.03.28-1-300x300.jpeg 300w, https:\/\/tadu.com.br\/wp-content\/uploads\/2024\/08\/WhatsApp-Image-2024-08-13-at-22.03.28-1-150x150.jpeg 150w, https:\/\/tadu.com.br\/wp-content\/uploads\/2024\/08\/WhatsApp-Image-2024-08-13-at-22.03.28-1-768x768.jpeg 768w\" sizes=\"auto, (max-width: 1024px) 100vw, 1024px\" \/><\/figure>\n\n\n\n<p><strong>Objetivo:<\/strong> O curso de Operador de R\u00e1dio Comunicador \u00e9 essencial para agentes de seguran\u00e7a, vigilantes, agentes penitenci\u00e1rios, agentes de tr\u00e2nsito, policiais, guardas municipais, empres\u00e1rios que queira inovar a comunica\u00e7\u00e3o de sua empresa e mesmo para atualiza\u00e7\u00e3o e valoriza\u00e7\u00e3o profissional.<\/p>\n\n\n\n<ul class=\"wp-block-list\">\n<li><strong>Conte\u00fado do Curso:<\/strong>\u2022 <\/li>\n\n\n\n<li>Comunica\u00e7\u00e3o e Radio Comunica\u00e7\u00e3o;<\/li>\n\n\n\n<li>\u2022 Aspectos legais;<\/li>\n\n\n\n<li>\u2022 Procedimentos de manuseio;<\/li>\n\n\n\n<li>\u2022 C\u00f3digo &#8220;Q&#8221;;<\/li>\n\n\n\n<li>\u2022 Alfabeto fon\u00e9tico;<\/li>\n\n\n\n<li>\u2022 Resolu\u00e7\u00e3o 680;<\/li>\n\n\n\n<li>\u2022 Cuidados;<\/li>\n\n\n\n<li>\u2022 Curiosidades; -&gt; video<\/li>\n\n\n\n<li>\u2022 Avalia\u00e7\u00e3o; <\/li>\n\n\n\n<li>\u2022 Aplicativo de R\u00e1dio para celular<\/li>\n<\/ul>\n\n\n\n<figure class=\"wp-block-table\"><table class=\"has-fixed-layout\"><tbody><tr><td><strong>Embasamento Legal:&nbsp;<\/strong>nossos cursos t\u00eam base legal constitu\u00edda pela legisla\u00e7\u00e3o brasileira que embasa a Diretrizes e Bases da Educa\u00e7\u00e3o Nacional (LDB) e o Decreto 5.154. Nossos Certificados s\u00e3o registrado nas Organiza\u00e7\u00f5es TADU e com a qualidade do ensino Militar &amp; CIA<\/td><\/tr><tr><td><strong>Pr\u00e9-requisitos:<\/strong>&nbsp;n\u00e3o h\u00e1 pr\u00e9-requisitos para esse curso, sugere-se ter Ensino M\u00e9dio completo (n\u00e3o obrigat\u00f3rio).<\/td><\/tr><tr><td><strong>Carga Hor\u00e1ria do Certificado:<\/strong>&nbsp;8 horas<\/td><\/tr><tr><td><strong>Objetivos:<\/strong>&nbsp;curso livre para Qualifica\u00e7\u00e3o Profissional.<\/td><\/tr><tr><td><strong>Vantagens do Certificado:<\/strong>* Atualizar seu Curr\u00edculo, aumentando suas chances para conquistar um bom emprego;<br>* Aumentar suas chances de promo\u00e7\u00e3o no emprego (atual);<br>* Completar horas em atividades Extracurriculares (geralmente exigidas);<br>* Progress\u00e3o Funcional para Servidores P\u00fablicos;<br>* Pr\u00e9-Requisito para concursos e cursos.<\/td><\/tr><\/tbody><\/table><figcaption class=\"wp-element-caption\"><strong>O seu amanh\u00e3 pode depender de hoje.<\/strong><\/figcaption><\/figure>\n\n\n\n<p class=\"has-text-align-center\"><strong><a href=\"https:\/\/tadu.com.br\/julio.html\">*Clica aqui e pe\u00e7a o curso direto com o Professor.*<\/a><\/strong><\/p>\n\n\n\n<p class=\"has-text-align-center\"><strong><a href=\"https:\/\/chk.eduzz.com\/797VQRN8WE\">*Clica aqui e fa\u00e7a sua matr\u00edcula atrav\u00e9s da EDUZZ.*<\/a><\/strong><\/p>\n\n\n\n<p class=\"has-text-align-center\"><strong><a href=\"https:\/\/tadu.com.br\/\">Voltar<\/a><\/strong><\/p>\n\n\n\n<p><\/p>\n","protected":false},"excerpt":{"rendered":"<p>Seja bem-vindo (a) ao curso de operador de R\u00e1dio e inova\u00e7\u00f5es. O curso \u00e9 dividido por aulas e no final voc\u00ea ter\u00e1 uma auto avalia\u00e7\u00e3o e receber\u00e1 o certificado. Objetivo: O curso de Operador de R\u00e1dio Comunicador \u00e9 essencial para agentes de seguran\u00e7a, vigilantes, agentes penitenci\u00e1rios, agentes de tr\u00e2nsito, policiais, guardas municipais, empres\u00e1rios que queira [&hellip;]<\/p>\n","protected":false},"author":1,"featured_media":0,"parent":0,"menu_order":0,"comment_status":"closed","ping_status":"closed","template":"","meta":{"footnotes":""},"class_list":["post-94","page","type-page","status-publish","hentry"],"_links":{"self":[{"href":"https:\/\/tadu.com.br\/index.php?rest_route=\/wp\/v2\/pages\/94","targetHints":{"allow":["GET"]}}],"collection":[{"href":"https:\/\/tadu.com.br\/index.php?rest_route=\/wp\/v2\/pages"}],"about":[{"href":"https:\/\/tadu.com.br\/index.php?rest_route=\/wp\/v2\/types\/page"}],"author":[{"embeddable":true,"href":"https:\/\/tadu.com.br\/index.php?rest_route=\/wp\/v2\/users\/1"}],"replies":[{"embeddable":true,"href":"https:\/\/tadu.com.br\/index.php?rest_route=%2Fwp%2Fv2%2Fcomments&post=94"}],"version-history":[{"count":5,"href":"https:\/\/tadu.com.br\/index.php?rest_route=\/wp\/v2\/pages\/94\/revisions"}],"predecessor-version":[{"id":149,"href":"https:\/\/tadu.com.br\/index.php?rest_route=\/wp\/v2\/pages\/94\/revisions\/149"}],"wp:attachment":[{"href":"https:\/\/tadu.com.br\/index.php?rest_route=%2Fwp%2Fv2%2Fmedia&parent=94"}],"curies":[{"name":"wp","href":"https:\/\/api.w.org\/{rel}","templated":true}]}}